{"id":2,"date":"2025-03-14T19:23:51","date_gmt":"2025-03-14T18:23:51","guid":{"rendered":"http:\/\/lc-auto-lavage.fr\/?page_id=2"},"modified":"2025-09-29T11:45:33","modified_gmt":"2025-09-29T09:45:33","slug":"tarifs","status":"publish","type":"page","link":"https:\/\/lc-auto-lavage.fr\/index.php\/tarifs\/","title":{"rendered":"Tarifs"},"content":{"rendered":"\n<div class=\"wp-block-columns is-layout-flex wp-container-core-columns-is-layout-9d6595d7 wp-block-columns-is-layout-flex\">\n<div class=\"wp-block-column is-layout-flow wp-block-column-is-layout-flow\">\n<div class=\"wp-block-group is-nowrap is-layout-flex wp-container-core-group-is-layout-ad2f72ca wp-block-group-is-layout-flex\">\n<div class=\"wp-block-cover\" style=\"border-width:23px;padding-top:var(--wp--preset--spacing--50);padding-right:var(--wp--preset--spacing--60);padding-bottom:var(--wp--preset--spacing--50);padding-left:var(--wp--preset--spacing--60)\"><span aria-hidden=\"true\" class=\"wp-block-cover__background has-neve-link-hover-color-background-color has-background-dim-100 has-background-dim\"><\/span><div class=\"wp-block-cover__inner-container is-layout-constrained wp-container-core-cover-is-layout-5a3522f1 wp-block-cover-is-layout-constrained\">\n<h1 class=\"wp-block-heading has-text-align-center has-large-font-size\"><strong><sub>CLASSIQUE<\/sub><\/strong><\/h1>\n\n\n\n<h2 class=\"wp-block-heading\"><strong>Int\u00e9rieur<\/strong><\/h2>\n\n\n\n<h4 class=\"wp-block-heading\">D\u00e9poussi\u00e9rage manuel + compresseur<br>Aspiration rapide<br>Nettoyage plastique en surface<br>Lavage vitres<\/h4>\n\n\n\n<h2 class=\"wp-block-heading\"><strong>Ext\u00e9rieur<\/strong><\/h2>\n\n\n\n<h4 class=\"wp-block-heading\">Pr\u00e9 lavage<br>Lavage vitres<br>Nettoyage jantes<\/h4>\n\n\n\n<blockquote class=\"wp-block-quote is-layout-flow wp-block-quote-is-layout-flow\">\n<p><\/p>\n<\/blockquote>\n<\/div><\/div>\n<\/div>\n<\/div>\n\n\n\n<div class=\"wp-block-column is-layout-flow wp-block-column-is-layout-flow\">\n<div class=\"wp-block-group is-nowrap is-layout-flex wp-container-core-group-is-layout-ad2f72ca wp-block-group-is-layout-flex\">\n<div class=\"wp-block-cover\" style=\"border-width:23px;padding-top:var(--wp--preset--spacing--50);padding-right:var(--wp--preset--spacing--60);padding-bottom:var(--wp--preset--spacing--50);padding-left:var(--wp--preset--spacing--60)\"><span aria-hidden=\"true\" class=\"wp-block-cover__background has-neve-link-hover-color-background-color has-background-dim-100 has-background-dim\"><\/span><div class=\"wp-block-cover__inner-container is-layout-constrained wp-container-core-cover-is-layout-5a3522f1 wp-block-cover-is-layout-constrained\">\n<h1 class=\"wp-block-heading has-text-align-center has-large-font-size\"><strong><sub>PRESTIGE<\/sub><\/strong><\/h1>\n\n\n\n<h2 class=\"wp-block-heading\"><strong>Int\u00e9rieur<\/strong><\/h2>\n\n\n\n<blockquote class=\"wp-block-quote is-layout-flow wp-block-quote-is-layout-flow\">\n<p><\/p>\n<\/blockquote>\n\n\n\n<h4 class=\"wp-block-heading\"><em>D\u00e9poussi\u00e9rage manuel + compresseur<br>Aspiration en profondeur<br>Nettoyage TOPGUN plastiques<br>Injecteur \/ extracteur moquette \/ tapis \/ si\u00e8ges<br>D\u00e9contamination + lavage vitres<br>D\u00e9sinfection vapeur plastique + syst\u00e8me a\u00e9ration<br>R\u00e9novateur plastiques<br>Passage de porte int\u00e9rieur<\/em><\/h4>\n\n\n\n<h2 class=\"wp-block-heading\"><strong>Ext\u00e9rieur<\/strong><\/h2>\n\n\n\n<h4 class=\"wp-block-heading\"><em>Pr\u00e9 lavage<br>Lavage vitres<br>Nettoyage jantes<\/em><br>Passage roues<br>D\u00e9contamination ferreuse<br>Lavage hydro<br>S\u00e9chage<\/h4>\n<\/div><\/div>\n<\/div>\n<\/div>\n\n\n\n<div class=\"wp-block-column is-layout-flow wp-block-column-is-layout-flow\">\n<div class=\"wp-block-cover\" style=\"border-width:23px;padding-top:var(--wp--preset--spacing--50);padding-right:var(--wp--preset--spacing--60);padding-bottom:var(--wp--preset--spacing--50);padding-left:var(--wp--preset--spacing--60);min-height:289px;aspect-ratio:unset;\"><span aria-hidden=\"true\" class=\"wp-block-cover__background has-neve-link-hover-color-background-color has-background-dim-100 has-background-dim\"><\/span><div class=\"wp-block-cover__inner-container is-layout-constrained wp-container-core-cover-is-layout-5a3522f1 wp-block-cover-is-layout-constrained\">\n<h1 class=\"wp-block-heading has-text-align-center has-large-font-size\"><strong><sub>SUPPLEMENTS<\/sub><\/strong><\/h1>\n\n\n\n<h4 class=\"wp-block-heading\">Poils animaux<br>Sable<br>Tr\u00e8s sale<br>Goudron<br>R\u00e9sine<br>Sticker<\/h4>\n\n\n\n<blockquote class=\"wp-block-quote is-layout-flow wp-block-quote-is-layout-flow\">\n<h4 class=\"wp-block-heading\"><\/h4>\n<\/blockquote>\n<\/div><\/div>\n\n\n\n<div class=\"wp-block-cover\" style=\"border-width:23px;padding-top:var(--wp--preset--spacing--50);padding-right:var(--wp--preset--spacing--60);padding-bottom:var(--wp--preset--spacing--50);padding-left:var(--wp--preset--spacing--60);min-height:289px;aspect-ratio:unset;\"><span aria-hidden=\"true\" class=\"wp-block-cover__background has-neve-link-hover-color-background-color has-background-dim-100 has-background-dim\"><\/span><div class=\"wp-block-cover__inner-container is-layout-constrained wp-container-core-cover-is-layout-5a3522f1 wp-block-cover-is-layout-constrained\">\n<h1 class=\"wp-block-heading has-text-align-center has-large-font-size\"><strong><sub>AUTRES PRESTATIONS SUR DEVIS<\/sub><\/strong><\/h1>\n\n\n\n<h4 class=\"wp-block-heading\">Camion<br>Utilitaire<br>Poids lourd<br>Bus<br>Camping-car<\/h4>\n\n\n\n<blockquote class=\"wp-block-quote is-layout-flow wp-block-quote-is-layout-flow\">\n<h4 class=\"wp-block-heading\"><\/h4>\n<\/blockquote>\n<\/div><\/div>\n<\/div>\n<\/div>\n\n\n\n<p><\/p>\n\n\n\n<p><\/p>\n","protected":false},"excerpt":{"rendered":"","protected":false},"author":1,"featured_media":0,"parent":0,"menu_order":0,"comment_status":"closed","ping_status":"closed","template":"","meta":{"neve_meta_sidebar":"","neve_meta_container":"","neve_meta_enable_content_width":"","neve_meta_content_width":0,"neve_meta_title_alignment":"","neve_meta_author_avatar":"","neve_post_elements_order":"","neve_meta_disable_header":"","neve_meta_disable_footer":"","neve_meta_disable_title":"","footnotes":""},"class_list":["post-2","page","type-page","status-publish","hentry"],"_links":{"self":[{"href":"https:\/\/lc-auto-lavage.fr\/index.php\/wp-json\/wp\/v2\/pages\/2","targetHints":{"allow":["GET"]}}],"collection":[{"href":"https:\/\/lc-auto-lavage.fr\/index.php\/wp-json\/wp\/v2\/pages"}],"about":[{"href":"https:\/\/lc-auto-lavage.fr\/index.php\/wp-json\/wp\/v2\/types\/page"}],"author":[{"embeddable":true,"href":"https:\/\/lc-auto-lavage.fr\/index.php\/wp-json\/wp\/v2\/users\/1"}],"replies":[{"embeddable":true,"href":"https:\/\/lc-auto-lavage.fr\/index.php\/wp-json\/wp\/v2\/comments?post=2"}],"version-history":[{"count":26,"href":"https:\/\/lc-auto-lavage.fr\/index.php\/wp-json\/wp\/v2\/pages\/2\/revisions"}],"predecessor-version":[{"id":366,"href":"https:\/\/lc-auto-lavage.fr\/index.php\/wp-json\/wp\/v2\/pages\/2\/revisions\/366"}],"wp:attachment":[{"href":"https:\/\/lc-auto-lavage.fr\/index.php\/wp-json\/wp\/v2\/media?parent=2"}],"curies":[{"name":"wp","href":"https:\/\/api.w.org\/{rel}","templated":true}]}}