{"id":7,"date":"2025-03-15T14:30:57","date_gmt":"2025-03-15T13:30:57","guid":{"rendered":"https:\/\/lc-auto-lavage.fr\/?page_id=7"},"modified":"2025-09-26T13:04:20","modified_gmt":"2025-09-26T11:04:20","slug":"a-propos","status":"publish","type":"page","link":"https:\/\/lc-auto-lavage.fr\/index.php\/a-propos\/","title":{"rendered":"A propos"},"content":{"rendered":"\n<div class=\"wp-block-cover alignfull\" style=\"min-height:600px;aspect-ratio:unset;\"><span aria-hidden=\"true\" class=\"wp-block-cover__background has-nv-light-bg-background-color has-background-dim-100 has-background-dim\"><\/span><div class=\"wp-block-cover__inner-container is-layout-flow wp-block-cover-is-layout-flow\">\n<div class=\"wp-block-group\"><div class=\"wp-block-group__inner-container is-layout-flow wp-block-group-is-layout-flow\">\n<div class=\"wp-block-columns are-vertically-aligned-center has-neve-text-color-color has-text-color is-layout-flex wp-container-core-columns-is-layout-9d6595d7 wp-block-columns-is-layout-flex\">\n<div class=\"wp-block-column is-vertically-aligned-center is-layout-flow wp-block-column-is-layout-flow\" style=\"padding-right:var(--wp--preset--spacing--30);padding-left:var(--wp--preset--spacing--30);flex-basis:50%\">\n<figure class=\"wp-block-image size-full has-custom-border\"><img fetchpriority=\"high\" decoding=\"async\" width=\"1449\" height=\"1118\" src=\"http:\/\/lc-auto-lavage.fr\/wp-content\/uploads\/2025\/03\/Logo.png\" alt=\"\" class=\"wp-image-48\" style=\"border-radius:16px\" srcset=\"https:\/\/lc-auto-lavage.fr\/wp-content\/uploads\/2025\/03\/Logo.png 1449w, https:\/\/lc-auto-lavage.fr\/wp-content\/uploads\/2025\/03\/Logo-300x231.png 300w, https:\/\/lc-auto-lavage.fr\/wp-content\/uploads\/2025\/03\/Logo-1024x790.png 1024w, https:\/\/lc-auto-lavage.fr\/wp-content\/uploads\/2025\/03\/Logo-768x593.png 768w\" sizes=\"(max-width: 1449px) 100vw, 1449px\" \/><\/figure>\n<\/div>\n\n\n\n<div class=\"wp-block-column is-vertically-aligned-center is-layout-flow wp-block-column-is-layout-flow\" style=\"padding-top:0;padding-right:var(--wp--preset--spacing--30);padding-bottom:0;padding-left:var(--wp--preset--spacing--30);flex-basis:50%\">\n<h2 class=\"wp-block-heading has-neve-text-color-color has-text-color\">NOTRE HISTOIRE<\/h2>\n\n\n\n<p class=\"has-neve-text-color-color has-text-color\">Passionn\u00e9 d\u2019automobile, notre activit\u00e9 d\u00e9marre officiellement en Janvier 2013 avec le lancement de LC AUTO LAVAGE.<\/p>\n\n\n\n<p>Je dispose d\u2019une solide exp\u00e9rience dans le domaine du lavage automobile en g\u00e9n\u00e9ral, principalement sp\u00e9cialis\u00e9 dans le lavage de v\u00e9hicules utilitaires.<\/p>\n\n\n\n<p>Notre secteur d\u2019intervention couvre l\u2019H\u00e9rault et le Tarn avec d\u00e9placement directement \u00e0 domicile.<\/p>\n\n\n\n<p class=\"has-neve-text-color-color has-text-color\">Les produits et le mat\u00e9riel utilis\u00e9s sont uniquement de gamme professionnelle pour assurer la qualit\u00e9 de nos prestations.<\/p>\n<\/div>\n<\/div>\n<\/div><\/div>\n<\/div><\/div>\n\n\n\n<div class=\"wp-block-cover alignfull wp-duotone-unset-1\" style=\"min-height:600px;aspect-ratio:unset;\"><span aria-hidden=\"true\" class=\"wp-block-cover__background has-nv-dark-bg-background-color has-background-dim-100 has-background-dim\"><\/span><div class=\"wp-block-cover__inner-container is-layout-flow wp-block-cover-is-layout-flow\">\n<div class=\"wp-block-group\"><div class=\"wp-block-group__inner-container is-layout-flow wp-block-group-is-layout-flow\">\n<div class=\"wp-block-columns are-vertically-aligned-center is-layout-flex wp-container-core-columns-is-layout-9d6595d7 wp-block-columns-is-layout-flex\">\n<div class=\"wp-block-column is-vertically-aligned-center is-layout-flow wp-block-column-is-layout-flow\" style=\"padding-right:var(--wp--preset--spacing--30);padding-left:var(--wp--preset--spacing--30);flex-basis:50%\">\n<h2 class=\"wp-block-heading has-nv-text-dark-bg-color has-text-color\">NOS PRESTATIONS<\/h2>\n\n\n\n<p class=\"has-nv-text-dark-bg-color has-text-color\"><strong>Lavage voiture<br><\/strong>Un lavage int\u00e9rieur demande minimum 4h.<br>Un lavage ext\u00e9rieur demande 2h.<\/p>\n\n\n\n<p class=\"has-nv-text-dark-bg-color has-text-color\"><strong>Lavage utilitaire<br><\/strong>Un lavage int\u00e9rieur demande minimum 6h.<br>Un lavage ext\u00e9rieur demande 3h.<\/p>\n\n\n\n<p class=\"has-nv-text-dark-bg-color has-text-color\">Tout autre v\u00e9hicule sur devis.<\/p>\n\n\n\n<div style=\"height:20px\" aria-hidden=\"true\" class=\"wp-block-spacer\"><\/div>\n<\/div>\n\n\n\n<div class=\"wp-block-column is-vertically-aligned-center is-layout-flow wp-block-column-is-layout-flow\" style=\"padding-right:var(--wp--preset--spacing--30);padding-left:var(--wp--preset--spacing--30);flex-basis:50%\">\n<figure class=\"wp-block-image size-full has-custom-border\"><img decoding=\"async\" width=\"1030\" height=\"831\" src=\"http:\/\/lc-auto-lavage.fr\/wp-content\/uploads\/2025\/03\/Utilitaire.jpg\" alt=\"\" class=\"wp-image-36\" style=\"border-radius:16px\" srcset=\"https:\/\/lc-auto-lavage.fr\/wp-content\/uploads\/2025\/03\/Utilitaire.jpg 1030w, https:\/\/lc-auto-lavage.fr\/wp-content\/uploads\/2025\/03\/Utilitaire-300x242.jpg 300w, https:\/\/lc-auto-lavage.fr\/wp-content\/uploads\/2025\/03\/Utilitaire-1024x826.jpg 1024w, https:\/\/lc-auto-lavage.fr\/wp-content\/uploads\/2025\/03\/Utilitaire-768x620.jpg 768w\" sizes=\"(max-width: 1030px) 100vw, 1030px\" \/><\/figure>\n<\/div>\n<\/div>\n<\/div><\/div>\n<\/div><\/div>\n\n\n\n<div class=\"wp-block-cover alignfull\" style=\"min-height:600px;aspect-ratio:unset;\"><span aria-hidden=\"true\" class=\"wp-block-cover__background has-nv-light-bg-background-color has-background-dim-100 has-background-dim\"><\/span><div class=\"wp-block-cover__inner-container is-layout-flow wp-block-cover-is-layout-flow\">\n<div class=\"wp-block-group\"><div class=\"wp-block-group__inner-container is-layout-flow wp-block-group-is-layout-flow\">\n<div class=\"wp-block-columns is-layout-flex wp-container-core-columns-is-layout-9d6595d7 wp-block-columns-is-layout-flex\">\n<div class=\"wp-block-column is-layout-flow wp-block-column-is-layout-flow\" style=\"padding-right:var(--wp--preset--spacing--30);padding-left:var(--wp--preset--spacing--30)\"><div class=\"wp-block-image is-style-default\">\n<figure class=\"aligncenter size-full is-resized has-custom-border\"><img decoding=\"async\" width=\"752\" height=\"684\" src=\"http:\/\/lc-auto-lavage.fr\/wp-content\/uploads\/2025\/09\/Charles.jpg\" alt=\"\" class=\"wp-image-108\" style=\"border-radius:16px;width:311px;height:auto\" srcset=\"https:\/\/lc-auto-lavage.fr\/wp-content\/uploads\/2025\/09\/Charles.jpg 752w, https:\/\/lc-auto-lavage.fr\/wp-content\/uploads\/2025\/09\/Charles-300x273.jpg 300w\" sizes=\"(max-width: 752px) 100vw, 752px\" \/><\/figure>\n<\/div>\n\n\n<h3 class=\"wp-block-heading has-text-align-center has-neve-text-color-color has-text-color\">Charles SOULARD<\/h3>\n\n\n\n<ul class=\"wp-block-social-links aligncenter has-icon-color has-icon-background-color is-layout-flex wp-block-social-links-is-layout-flex\"><li style=\"color:var(--nv-text-dark-bg);background-color:var(--nv-dark-bg);\" class=\"wp-social-link wp-social-link-facebook has-nv-text-dark-bg-color has-nv-dark-bg-background-color wp-block-social-link\"><a href=\"https:\/\/www.facebook.com\/profile.php?id=100042693805049\" class=\"wp-block-social-link-anchor\"><svg width=\"24\" height=\"24\" viewBox=\"0 0 24 24\" version=\"1.1\" xmlns=\"http:\/\/www.w3.org\/2000\/svg\" aria-hidden=\"true\" focusable=\"false\"><path d=\"M12 2C6.5 2 2 6.5 2 12c0 5 3.7 9.1 8.4 9.9v-7H7.9V12h2.5V9.8c0-2.5 1.5-3.9 3.8-3.9 1.1 0 2.2.2 2.2.2v2.5h-1.3c-1.2 0-1.6.8-1.6 1.6V12h2.8l-.4 2.9h-2.3v7C18.3 21.1 22 17 22 12c0-5.5-4.5-10-10-10z\"><\/path><\/svg><span class=\"wp-block-social-link-label screen-reader-text\">Facebook<\/span><\/a><\/li>\n\n<li style=\"color:var(--nv-text-dark-bg);background-color:var(--nv-dark-bg);\" class=\"wp-social-link wp-social-link-instagram has-nv-text-dark-bg-color has-nv-dark-bg-background-color wp-block-social-link\"><a href=\"https:\/\/www.instagram.com\/lcautolavage\/\" class=\"wp-block-social-link-anchor\"><svg width=\"24\" height=\"24\" viewBox=\"0 0 24 24\" version=\"1.1\" xmlns=\"http:\/\/www.w3.org\/2000\/svg\" aria-hidden=\"true\" focusable=\"false\"><path d=\"M12,4.622c2.403,0,2.688,0.009,3.637,0.052c0.877,0.04,1.354,0.187,1.671,0.31c0.42,0.163,0.72,0.358,1.035,0.673 c0.315,0.315,0.51,0.615,0.673,1.035c0.123,0.317,0.27,0.794,0.31,1.671c0.043,0.949,0.052,1.234,0.052,3.637 s-0.009,2.688-0.052,3.637c-0.04,0.877-0.187,1.354-0.31,1.671c-0.163,0.42-0.358,0.72-0.673,1.035 c-0.315,0.315-0.615,0.51-1.035,0.673c-0.317,0.123-0.794,0.27-1.671,0.31c-0.949,0.043-1.233,0.052-3.637,0.052 s-2.688-0.009-3.637-0.052c-0.877-0.04-1.354-0.187-1.671-0.31c-0.42-0.163-0.72-0.358-1.035-0.673 c-0.315-0.315-0.51-0.615-0.673-1.035c-0.123-0.317-0.27-0.794-0.31-1.671C4.631,14.688,4.622,14.403,4.622,12 s0.009-2.688,0.052-3.637c0.04-0.877,0.187-1.354,0.31-1.671c0.163-0.42,0.358-0.72,0.673-1.035 c0.315-0.315,0.615-0.51,1.035-0.673c0.317-0.123,0.794-0.27,1.671-0.31C9.312,4.631,9.597,4.622,12,4.622 M12,3 C9.556,3,9.249,3.01,8.289,3.054C7.331,3.098,6.677,3.25,6.105,3.472C5.513,3.702,5.011,4.01,4.511,4.511 c-0.5,0.5-0.808,1.002-1.038,1.594C3.25,6.677,3.098,7.331,3.054,8.289C3.01,9.249,3,9.556,3,12c0,2.444,0.01,2.751,0.054,3.711 c0.044,0.958,0.196,1.612,0.418,2.185c0.23,0.592,0.538,1.094,1.038,1.594c0.5,0.5,1.002,0.808,1.594,1.038 c0.572,0.222,1.227,0.375,2.185,0.418C9.249,20.99,9.556,21,12,21s2.751-0.01,3.711-0.054c0.958-0.044,1.612-0.196,2.185-0.418 c0.592-0.23,1.094-0.538,1.594-1.038c0.5-0.5,0.808-1.002,1.038-1.594c0.222-0.572,0.375-1.227,0.418-2.185 C20.99,14.751,21,14.444,21,12s-0.01-2.751-0.054-3.711c-0.044-0.958-0.196-1.612-0.418-2.185c-0.23-0.592-0.538-1.094-1.038-1.594 c-0.5-0.5-1.002-0.808-1.594-1.038c-0.572-0.222-1.227-0.375-2.185-0.418C14.751,3.01,14.444,3,12,3L12,3z M12,7.378 c-2.552,0-4.622,2.069-4.622,4.622S9.448,16.622,12,16.622s4.622-2.069,4.622-4.622S14.552,7.378,12,7.378z M12,15 c-1.657,0-3-1.343-3-3s1.343-3,3-3s3,1.343,3,3S13.657,15,12,15z M16.804,6.116c-0.596,0-1.08,0.484-1.08,1.08 s0.484,1.08,1.08,1.08c0.596,0,1.08-0.484,1.08-1.08S17.401,6.116,16.804,6.116z\"><\/path><\/svg><span class=\"wp-block-social-link-label screen-reader-text\">Instagram<\/span><\/a><\/li><\/ul>\n\n\n\n<div style=\"height:40px\" aria-hidden=\"true\" class=\"wp-block-spacer\"><\/div>\n<\/div>\n<\/div>\n\n\n\n<div style=\"height:40px\" aria-hidden=\"true\" class=\"wp-block-spacer\"><\/div>\n<\/div><\/div>\n<\/div><\/div>\n\n\n\n<p><\/p>\n","protected":false},"excerpt":{"rendered":"","protected":false},"author":1,"featured_media":0,"parent":0,"menu_order":0,"comment_status":"closed","ping_status":"closed","template":"","meta":{"neve_meta_sidebar":"","neve_meta_container":"default","neve_meta_enable_content_width":"on","neve_meta_content_width":100,"neve_meta_title_alignment":"","neve_meta_author_avatar":"","neve_post_elements_order":"","neve_meta_disable_header":"","neve_meta_disable_footer":"","neve_meta_disable_title":"on","footnotes":""},"class_list":["post-7","page","type-page","status-publish","hentry"],"_links":{"self":[{"href":"https:\/\/lc-auto-lavage.fr\/index.php\/wp-json\/wp\/v2\/pages\/7","targetHints":{"allow":["GET"]}}],"collection":[{"href":"https:\/\/lc-auto-lavage.fr\/index.php\/wp-json\/wp\/v2\/pages"}],"about":[{"href":"https:\/\/lc-auto-lavage.fr\/index.php\/wp-json\/wp\/v2\/types\/page"}],"author":[{"embeddable":true,"href":"https:\/\/lc-auto-lavage.fr\/index.php\/wp-json\/wp\/v2\/users\/1"}],"replies":[{"embeddable":true,"href":"https:\/\/lc-auto-lavage.fr\/index.php\/wp-json\/wp\/v2\/comments?post=7"}],"version-history":[{"count":11,"href":"https:\/\/lc-auto-lavage.fr\/index.php\/wp-json\/wp\/v2\/pages\/7\/revisions"}],"predecessor-version":[{"id":111,"href":"https:\/\/lc-auto-lavage.fr\/index.php\/wp-json\/wp\/v2\/pages\/7\/revisions\/111"}],"wp:attachment":[{"href":"https:\/\/lc-auto-lavage.fr\/index.php\/wp-json\/wp\/v2\/media?parent=7"}],"curies":[{"name":"wp","href":"https:\/\/api.w.org\/{rel}","templated":true}]}}